{"id":36,"date":"2020-02-21T08:05:51","date_gmt":"2020-02-21T07:05:51","guid":{"rendered":"https:\/\/benediktinerinnen-steinfeld-bonn.de\/cms\/?page_id=36"},"modified":"2020-03-19T08:18:21","modified_gmt":"2020-03-19T07:18:21","slug":"impressum","status":"publish","type":"page","link":"https:\/\/benediktinerinnen-steinfeld-bonn.de\/cms\/impressum\/","title":{"rendered":"Impressum"},"content":{"rendered":"\r\n\r\n\r\n<h2 style=\"text-align: center;\">Impressum<\/h2>\r\n<p><strong>Benediktinerinnen-Abtei Maria Heimsuchung<\/strong><br \/>Haager Weg 32 b<br \/>53127 Bonn<\/p>\r\n\r\n\r\n\r\n\r\n\r\n\r\n\r\n<p><a href=\"mailto:kontakt@benediktinerinnen-steinfeld-bonn.de\">kontakt@benediktinerinnen-steinfeld-bonn.de<\/a><\/p>\r\n\r\n\r\n\r\n<p style=\"text-align: justify;\"><strong>Copyright<\/strong><br \/><span style=\"font-family: Lato;\">Die Inhalte, die auf dieser Website verbreitet werden, unterliegen dem Urheberrecht der\u00a0 Benedikterinnen-Abtei Maria Heimsuchung. Die Verbreitung ist nur mit schriftlicher Genehmigung des Rechteinhabers zul\u00e4ssig. Dies gilt auch f\u00fcr die Aufnahme in elektronische Datenbanken und f\u00fcr die Vervielf\u00e4ltigung auf \/ \u00fcber elektronischen Datentr\u00e4gern. Ausgenommen ist allein das Herunterladen einer einzigen Kopie des Materials auf einen einzelnen Computer f\u00fcr den privaten Gebrauch oder f\u00fcr die Verwendung in der kirchlichen Arbeit \u2013 und auch dies nur unter der Voraussetzung, dass die Urheberrechte und sonstigen Rechte nicht verletzt und die Urheberbezeichnungen nicht beeintr\u00e4chtigt werden. <\/span><br \/><span style=\"font-family: Lato;\">Die private und kirchliche Nutzung erfolgt auf eigenes Risiko des Nutzer.<\/span><\/p>\r\n<p style=\"text-align: justify;\"><strong>Bildnachweis<\/strong><br \/>Wir haben mit freundlicher Genehmigung des Buch- und Kunstverlags Maria Laach die Karte Nr. 5780 auf unserer Seite &lt;Hl. Benedikt&gt; verwendet.<\/p>\r\n\r\n\r\n\r\n\r\n\r\n<p style=\"text-align: justify;\"><strong>Haftungsausschluss<\/strong><br \/>Eine Haftung f\u00fcr Inhalte und Programme einschlie\u00dflich Aktualit\u00e4t, Richtigkeit und Vollst\u00e4ndigkeit, die auf dieser Website verbreitet werden, und f\u00fcr Sch\u00e4den, die aus unzutreffenden Informationen oder durch fehlerhafte Programme entstehen, wird nicht \u00fcbernommen.<\/p>\r\n\r\n\r\n\r\n\r\n\r\n<p style=\"text-align: justify;\"><strong>Hinweise zu Links<\/strong><br \/>Unser Angebot umfasst Verweise zu anderen Angeboten im Internet. Die auf den gelinkten Seiten wiedergegebenen Inhalte liegen in der alleinigen Verantwortung der jeweiligen Autoren und geben nicht unsere Meinung wieder. <br \/>Wir verweisen darauf, dass wir weder Einfluss auf Gestaltung und Inhalte der gelinkten Seiten haben und wir uns diese Inhalte nicht zu eigen machen.<\/p>\r\n<p>&nbsp;<\/p>\r\n<h4 class=\"wp-block-heading\" style=\"text-align: center;\">Umsetzung und Webdesign<br \/><a href=\"https:\/\/www.wirkzeit.de\" target=\"_blank\" rel=\"noopener noreferrer\"><img loading=\"lazy\" decoding=\"async\" class=\"alignnone size-medium wp-image-245\" src=\"https:\/\/benediktinerinnen-steinfeld-bonn.de\/cms\/wp-content\/uploads\/2020\/03\/Logodatei-300-dpi-300x107.gif\" alt=\"wirkzeit Design &amp; Technologie\" width=\"300\" height=\"107\" \/><\/a><\/h4>\r\n","protected":false},"excerpt":{"rendered":"<p>Impressum Benediktinerinnen-Abtei Maria HeimsuchungHaager Weg 32 b53127 Bonn kontakt@benediktinerinnen-steinfeld-bonn.de CopyrightDie Inhalte, die auf dieser Website verbreitet werden, unterliegen dem Urheberrecht der\u00a0 Benedikterinnen-Abtei Maria Heimsuchung. Die Verbreitung ist nur mit schriftlicher Genehmigung des Rechteinhabers zul\u00e4ssig. Dies gilt auch f\u00fcr die Aufnahme in elektronische Datenbanken und f\u00fcr die Vervielf\u00e4ltigung auf \/ \u00fcber elektronischen Datentr\u00e4gern. Ausgenommen ist allein<br \/><a class=\"moretag\" href=\"https:\/\/benediktinerinnen-steinfeld-bonn.de\/cms\/impressum\/\">+ Lesen Sie mehr<\/a><\/p>\n","protected":false},"author":1,"featured_media":0,"parent":0,"menu_order":0,"comment_status":"closed","ping_status":"closed","template":"","meta":{"footnotes":""},"class_list":["post-36","page","type-page","status-publish","hentry"],"_links":{"self":[{"href":"https:\/\/benediktinerinnen-steinfeld-bonn.de\/cms\/wp-json\/wp\/v2\/pages\/36","targetHints":{"allow":["GET"]}}],"collection":[{"href":"https:\/\/benediktinerinnen-steinfeld-bonn.de\/cms\/wp-json\/wp\/v2\/pages"}],"about":[{"href":"https:\/\/benediktinerinnen-steinfeld-bonn.de\/cms\/wp-json\/wp\/v2\/types\/page"}],"author":[{"embeddable":true,"href":"https:\/\/benediktinerinnen-steinfeld-bonn.de\/cms\/wp-json\/wp\/v2\/users\/1"}],"replies":[{"embeddable":true,"href":"https:\/\/benediktinerinnen-steinfeld-bonn.de\/cms\/wp-json\/wp\/v2\/comments?post=36"}],"version-history":[{"count":44,"href":"https:\/\/benediktinerinnen-steinfeld-bonn.de\/cms\/wp-json\/wp\/v2\/pages\/36\/revisions"}],"predecessor-version":[{"id":519,"href":"https:\/\/benediktinerinnen-steinfeld-bonn.de\/cms\/wp-json\/wp\/v2\/pages\/36\/revisions\/519"}],"wp:attachment":[{"href":"https:\/\/benediktinerinnen-steinfeld-bonn.de\/cms\/wp-json\/wp\/v2\/media?parent=36"}],"curies":[{"name":"wp","href":"https:\/\/api.w.org\/{rel}","templated":true}]}}