{"id":30,"date":"2020-02-21T08:04:07","date_gmt":"2020-02-21T07:04:07","guid":{"rendered":"https:\/\/benediktinerinnen-steinfeld-bonn.de\/cms\/?page_id=30"},"modified":"2025-05-27T17:16:29","modified_gmt":"2025-05-27T15:16:29","slug":"heiliger-benedikt","status":"publish","type":"page","link":"https:\/\/benediktinerinnen-steinfeld-bonn.de\/cms\/heiliger-benedikt\/","title":{"rendered":"Heiliger Benedikt"},"content":{"rendered":"<h2 style=\"text-align: center;\"><span style=\"color: #808080; font-family: Lato;\">Heiliger Benedikt<\/span><\/h2>\n<p style=\"text-align: center;\"><span style=\"color: #ffffff;\">__<\/span><img loading=\"lazy\" decoding=\"async\" class=\"alignnone size-full wp-image-692\" src=\"https:\/\/benediktinerinnen-steinfeld-bonn.de\/cms\/wp-content\/uploads\/2020\/03\/Heiliger_Benedikt.jpg\" alt=\"Benediktinerinnen Steinfeld \/ Bonn\" width=\"290\" height=\"410\" srcset=\"https:\/\/benediktinerinnen-steinfeld-bonn.de\/cms\/wp-content\/uploads\/2020\/03\/Heiliger_Benedikt.jpg 290w, https:\/\/benediktinerinnen-steinfeld-bonn.de\/cms\/wp-content\/uploads\/2020\/03\/Heiliger_Benedikt-212x300.jpg 212w\" sizes=\"auto, (max-width: 290px) 100vw, 290px\" \/><\/p>\n<p style=\"text-align: justify;\"><span style=\"font-family: Lato;\">Benedikt wird um 480 in\u00a0Nursia\u00a0(Umbrien) geboren. Als junger Mann geht er nach Rom, um dort ein Studium zu beginnen. Doch flieht er vor den dekadenten Lebensverh\u00e4ltnissen, die er in dieser Stadt antrifft. \u2013 Es ist eine Zeit des Umbruchs, die durch den Niedergang des R\u00f6mischen Reiches und die V\u00f6lkerwanderung gepr\u00e4gt ist. \u2013 Benedikt entschlie\u00dft sich, in die Einsamkeit zu gehen, um sich ganz der Suche nach Gott zu widmen.<br \/>\n<\/span><br \/>\n<span style=\"font-family: Lato;\">Drei Jahre lang f\u00fchrt er in Subiaco ein Einsiedlerleben. Hirten entdecken ihn in seiner Abgeschiedenheit. Viele Menschen suchen ihn nun auf, um geistlichen Rat zu erfragen. Schlie\u00dflich schart sich ein Kreis von Sch\u00fclern um ihn, und so gr\u00fcndet er in der Umgebung von Subiaco zw\u00f6lf Kl\u00f6ster, in denen sie ein Leben der Gottsuche in Gemeinschaft f\u00fchren k\u00f6nnen.<br \/>\n<\/span><br \/>\n<span style=\"font-family: Lato;\">529 siedelt Benedikt nach\u00a0Montecassino\u00a0\u00fcber, um dort ein Kloster zu errichten, dem er bis zu seinem Tod (um 547) als Abt vorsteht. Dort schreibt er &#8211; als Summe seiner geistlichen Erfahrung &#8211; seine Regel nieder, in der er die beste monastische Tradition des Westens und des Ostens zusammenfasst. Diese Regel wird wegweisend f\u00fcr das M\u00f6nchtum des Abendlandes.<\/span><\/p>\n","protected":false},"excerpt":{"rendered":"<p>Heiliger Benedikt __ Benedikt wird um 480 in\u00a0Nursia\u00a0(Umbrien) geboren. Als junger Mann geht er nach Rom, um dort ein Studium zu beginnen. Doch flieht er vor den dekadenten Lebensverh\u00e4ltnissen, die er in dieser Stadt antrifft. \u2013 Es ist eine Zeit des Umbruchs, die durch den Niedergang des R\u00f6mischen Reiches und die V\u00f6lkerwanderung gepr\u00e4gt ist. \u2013<br \/><a class=\"moretag\" href=\"https:\/\/benediktinerinnen-steinfeld-bonn.de\/cms\/heiliger-benedikt\/\">+ Lesen Sie mehr<\/a><\/p>\n","protected":false},"author":1,"featured_media":0,"parent":0,"menu_order":0,"comment_status":"closed","ping_status":"closed","template":"","meta":{"footnotes":""},"class_list":["post-30","page","type-page","status-publish","hentry"],"_links":{"self":[{"href":"https:\/\/benediktinerinnen-steinfeld-bonn.de\/cms\/wp-json\/wp\/v2\/pages\/30","targetHints":{"allow":["GET"]}}],"collection":[{"href":"https:\/\/benediktinerinnen-steinfeld-bonn.de\/cms\/wp-json\/wp\/v2\/pages"}],"about":[{"href":"https:\/\/benediktinerinnen-steinfeld-bonn.de\/cms\/wp-json\/wp\/v2\/types\/page"}],"author":[{"embeddable":true,"href":"https:\/\/benediktinerinnen-steinfeld-bonn.de\/cms\/wp-json\/wp\/v2\/users\/1"}],"replies":[{"embeddable":true,"href":"https:\/\/benediktinerinnen-steinfeld-bonn.de\/cms\/wp-json\/wp\/v2\/comments?post=30"}],"version-history":[{"count":38,"href":"https:\/\/benediktinerinnen-steinfeld-bonn.de\/cms\/wp-json\/wp\/v2\/pages\/30\/revisions"}],"predecessor-version":[{"id":840,"href":"https:\/\/benediktinerinnen-steinfeld-bonn.de\/cms\/wp-json\/wp\/v2\/pages\/30\/revisions\/840"}],"wp:attachment":[{"href":"https:\/\/benediktinerinnen-steinfeld-bonn.de\/cms\/wp-json\/wp\/v2\/media?parent=30"}],"curies":[{"name":"wp","href":"https:\/\/api.w.org\/{rel}","templated":true}]}}