{"id":28,"date":"2020-02-21T08:03:36","date_gmt":"2020-02-21T07:03:36","guid":{"rendered":"https:\/\/benediktinerinnen-steinfeld-bonn.de\/cms\/?page_id=28"},"modified":"2021-02-02T16:46:58","modified_gmt":"2021-02-02T15:46:58","slug":"maria-heimsuchung","status":"publish","type":"page","link":"https:\/\/benediktinerinnen-steinfeld-bonn.de\/cms\/maria-heimsuchung\/","title":{"rendered":"Maria Heimsuchung"},"content":{"rendered":"<h2 style=\"text-align: center;\"><span style=\"font-family: Lato; color: #808080;\">Maria Heimsuchung<\/span><\/h2>\n<p style=\"text-align: center;\"><span style=\"color: #ffffff;\">__<\/span><img loading=\"lazy\" decoding=\"async\" class=\"alignnone size-full wp-image-565\" src=\"https:\/\/benediktinerinnen-steinfeld-bonn.de\/cms\/wp-content\/uploads\/2020\/03\/CIMG6937-Maria-Heimsuchung-rotated-e1584350122563.jpg\" alt=\"Benediktinerinnen Steinfeld \/ Bonn\" width=\"307\" height=\"410\" \/><\/p>\n<p align=\"justify\"><span style=\"color: #333333; font-family: Lato; font-size: 18px;\">Im Zentrum des Festes Maria Heimsuchung steht der Besuch (= Heimsuchung, visitatio) Marias bei ihrer Verwandten Elisaberth, von dem Lukas in seinem Evangelium berichtet (Lk 1, 39\u201356).<\/span><\/p>\n<p align=\"justify\"><span style=\"color: #333333; font-family: Lato; font-size: 18px;\">Dieser Besuch wird f\u00fcr Maria und Elisabeth zu einer tiefen Begegnung und St\u00e4rkung im Glauben an die Verhei\u00dfungen Gottes, die sich in ihrer beider Schwangerschaft zu erf\u00fcllen beginnen. Dieser Besuch ist zugleich eine Begegnung der Kinder, die sie in ihrem Scho\u00df tragen, eine erste Begegnung Jesu mit Johannes dem T\u00e4ufer, seinem Vorl\u00e4ufer. Johannes der T\u00e4ufer ist der letzte der Propheten und leitet \u00fcber zum Evangelium. Schon im Mutterscho\u00df frohlockt er \u00fcber das Kommen Jesu Christi. Und Maria bricht voller Freude \u00fcber das Heilshandeln Gottes in den Lobgesang des Magnificat aus.<\/span><\/p>\n<p align=\"justify\"><span style=\"font-family: Lato; font-size: 18px; color: #333333;\">Dieser Besuch zeigt, wie Menschen einander im Glauben st\u00e4rken, wie Glaube\u00a0im Miteinander w\u00e4chst und reift und in den Lobpreis Gottes m\u00fcndet.<\/span><\/p>\n","protected":false},"excerpt":{"rendered":"<p>Maria Heimsuchung __ Im Zentrum des Festes Maria Heimsuchung steht der Besuch (= Heimsuchung, visitatio) Marias bei ihrer Verwandten Elisaberth, von dem Lukas in seinem Evangelium berichtet (Lk 1, 39\u201356). Dieser Besuch wird f\u00fcr Maria und Elisabeth zu einer tiefen Begegnung und St\u00e4rkung im Glauben an die Verhei\u00dfungen Gottes, die sich in ihrer beider Schwangerschaft<br \/><a class=\"moretag\" href=\"https:\/\/benediktinerinnen-steinfeld-bonn.de\/cms\/maria-heimsuchung\/\">+ Lesen Sie mehr<\/a><\/p>\n","protected":false},"author":1,"featured_media":0,"parent":0,"menu_order":0,"comment_status":"closed","ping_status":"closed","template":"","meta":{"footnotes":""},"class_list":["post-28","page","type-page","status-publish","hentry"],"_links":{"self":[{"href":"https:\/\/benediktinerinnen-steinfeld-bonn.de\/cms\/wp-json\/wp\/v2\/pages\/28","targetHints":{"allow":["GET"]}}],"collection":[{"href":"https:\/\/benediktinerinnen-steinfeld-bonn.de\/cms\/wp-json\/wp\/v2\/pages"}],"about":[{"href":"https:\/\/benediktinerinnen-steinfeld-bonn.de\/cms\/wp-json\/wp\/v2\/types\/page"}],"author":[{"embeddable":true,"href":"https:\/\/benediktinerinnen-steinfeld-bonn.de\/cms\/wp-json\/wp\/v2\/users\/1"}],"replies":[{"embeddable":true,"href":"https:\/\/benediktinerinnen-steinfeld-bonn.de\/cms\/wp-json\/wp\/v2\/comments?post=28"}],"version-history":[{"count":96,"href":"https:\/\/benediktinerinnen-steinfeld-bonn.de\/cms\/wp-json\/wp\/v2\/pages\/28\/revisions"}],"predecessor-version":[{"id":782,"href":"https:\/\/benediktinerinnen-steinfeld-bonn.de\/cms\/wp-json\/wp\/v2\/pages\/28\/revisions\/782"}],"wp:attachment":[{"href":"https:\/\/benediktinerinnen-steinfeld-bonn.de\/cms\/wp-json\/wp\/v2\/media?parent=28"}],"curies":[{"name":"wp","href":"https:\/\/api.w.org\/{rel}","templated":true}]}}